{"id":8209,"date":"2023-08-17T17:20:09","date_gmt":"2023-08-17T15:20:09","guid":{"rendered":"https:\/\/eversys.ma\/wordpress?page_id=8209"},"modified":"2025-09-08T16:44:13","modified_gmt":"2025-09-08T14:44:13","slug":"sourcing","status":"publish","type":"page","link":"https:\/\/eversys.ma\/?page_id=8209","title":{"rendered":"Sourcing"},"content":{"rendered":"<section class=\"wpb-content-wrapper\"><p>[vc_row full_width=&#8221;stretch_row&#8221; css=&#8221;.vc_custom_1692703999732{margin-top: -40px !important;margin-right: -80px !important;margin-left: -80px !important;}&#8221;][vc_column width=&#8221;1\/2&#8243;][vc_custom_heading text=&#8221;ACCOMPAGNEMENT DE NOS CLIENTS&#8221; font_container=&#8221;tag:h4|text_align:left|color:%23000000&#8243; google_fonts=&#8221;font_family:Ubuntu%3A300%2C300italic%2Cregular%2Citalic%2C500%2C500italic%2C700%2C700italic|font_style:300%20light%20regular%3A300%3Anormal&#8221;][vc_column_text]<span style=\"color: #000000;\">EVERSYS accompagne depuis sa cr\u00e9ation ses clients sur le plan sourcing en offrant des comp\u00e9tences ayant un retour d\u2019exp\u00e9rience dans diff\u00e9rents domaines:<\/span><\/p>\n<ul>\n<li><span style=\"color: #000000;\">Gestion de projet<\/span><\/li>\n<li><span style=\"color: #000000;\">Expertise en s\u00e9curit\u00e9 (Analyse des risques,pilotage de la s\u00e9curit\u00e9op\u00e9rationnelle)<\/span><\/li>\n<li><span style=\"color: #000000;\">Exploitation de la s\u00e9curit\u00e9<\/span><\/li>\n<li><span style=\"color: #000000;\">Plan de transformation de s\u00e9curit\u00e9<\/span><\/li>\n<li><span style=\"color: #000000;\">Plan de continuit\u00e9 d\u2019activit\u00e9, plan de continuit\u00e9 informatique<\/span><\/li>\n<li><span style=\"color: #000000;\">Administration technique \u2026.<\/span><\/li>\n<\/ul>\n<p>[\/vc_column_text][vc_column_text]<span style=\"color: #000000;\">Vous souhaitez faire appel \u00e0 un expert ind\u00e9pendant et r\u00e9aliser vous-m\u00eame la\u00a0recherche et la s\u00e9lection du meilleur candidat ?<\/span><br \/>\n<span style=\"color: #000000;\">D\u00e9poser votre offre de mission, sp\u00e9cifier vos conditions et votre budget, rechercher\u00a0le meilleur candidat par type de profil et comp\u00e9tence : tout cela est possible et facile en quelques clics gr\u00e2ce \u00e0 notre plateforme en ligne.<\/span>[\/vc_column_text][\/vc_column][vc_column width=&#8221;1\/4&#8243; css=&#8221;.vc_custom_1692871989726{margin-top: 40px !important;}&#8221;][vc_single_image image=&#8221;8596&#8243; img_size=&#8221;365&#215;360&#8243; alignment=&#8221;center&#8221; css=&#8221;.vc_custom_1692871972695{margin-top: 40px !important;border-top-width: 1px !important;border-right-width: 1px !important;border-bottom-width: 1px !important;border-left-width: 1px !important;border-left-color: #ff3200 !important;border-left-style: solid !important;border-right-color: #ff3200 !important;border-right-style: solid !important;border-top-color: #ff3200 !important;border-top-style: solid !important;border-bottom-color: #ff3200 !important;border-bottom-style: solid !important;border-radius: 1px !important;}&#8221;][\/vc_column][vc_column width=&#8221;1\/4&#8243;][vc_column_text]BROWS CATEGORIES[\/vc_column_text][vc_wp_custommenu nav_menu=&#8221;111&#8243;][\/vc_column][\/vc_row]<\/p>\n<\/section>","protected":false},"excerpt":{"rendered":"<p>[vc_row full_width=&#8221;stretch_row&#8221; css=&#8221;.vc_custom_1692703999732{margin-top: -40px !important;margin-right: -80px !important;margin-left: -80px !important;}&#8221;][vc_column width=&#8221;1\/2&#8243;][vc_custom_heading text=&#8221;ACCOMPAGNEMENT DE NOS CLIENTS&#8221; font_container=&#8221;tag:h4|text_align:left|color:%23000000&#8243; google_fonts=&#8221;font_family:Ubuntu%3A300%2C300italic%2Cregular%2Citalic%2C500%2C500italic%2C700%2C700italic|font_style:300%20light%20regular%3A300%3Anormal&#8221;][vc_column_text]EVERSYS accompagne depuis sa cr\u00e9ation ses clients sur le plan sourcing en offrant des comp\u00e9tences ayant un retour d\u2019exp\u00e9rience dans diff\u00e9rents domaines: Gestion de projet Expertise en s\u00e9curit\u00e9 (Analyse des risques,pilotage de la s\u00e9curit\u00e9op\u00e9rationnelle) Exploitation de la s\u00e9curit\u00e9 Plan de<\/p>\n","protected":false},"author":1,"featured_media":8695,"parent":0,"menu_order":0,"comment_status":"closed","ping_status":"closed","template":"","meta":{"footnotes":""},"class_list":["post-8209","page","type-page","status-publish","has-post-thumbnail","hentry","stm_testimonials_category-services"],"aioseo_notices":[],"_links":{"self":[{"href":"https:\/\/eversys.ma\/index.php?rest_route=\/wp\/v2\/pages\/8209","targetHints":{"allow":["GET"]}}],"collection":[{"href":"https:\/\/eversys.ma\/index.php?rest_route=\/wp\/v2\/pages"}],"about":[{"href":"https:\/\/eversys.ma\/index.php?rest_route=\/wp\/v2\/types\/page"}],"author":[{"embeddable":true,"href":"https:\/\/eversys.ma\/index.php?rest_route=\/wp\/v2\/users\/1"}],"replies":[{"embeddable":true,"href":"https:\/\/eversys.ma\/index.php?rest_route=%2Fwp%2Fv2%2Fcomments&post=8209"}],"version-history":[{"count":84,"href":"https:\/\/eversys.ma\/index.php?rest_route=\/wp\/v2\/pages\/8209\/revisions"}],"predecessor-version":[{"id":9013,"href":"https:\/\/eversys.ma\/index.php?rest_route=\/wp\/v2\/pages\/8209\/revisions\/9013"}],"wp:featuredmedia":[{"embeddable":true,"href":"https:\/\/eversys.ma\/index.php?rest_route=\/wp\/v2\/media\/8695"}],"wp:attachment":[{"href":"https:\/\/eversys.ma\/index.php?rest_route=%2Fwp%2Fv2%2Fmedia&parent=8209"}],"curies":[{"name":"wp","href":"https:\/\/api.w.org\/{rel}","templated":true}]}}