{"id":8197,"date":"2023-08-17T16:40:02","date_gmt":"2023-08-17T14:40:02","guid":{"rendered":"https:\/\/eversys.ma\/wordpress?page_id=8197"},"modified":"2025-09-08T16:41:42","modified_gmt":"2025-09-08T14:41:42","slug":"conseil","status":"publish","type":"page","link":"https:\/\/eversys.ma\/?page_id=8197","title":{"rendered":"Conseil"},"content":{"rendered":"<section class=\"wpb-content-wrapper\"><p>[vc_row full_width=&#8221;stretch_row&#8221; css=&#8221;.vc_custom_1697205663052{margin-top: -40px !important;margin-right: -80px !important;margin-left: -80px !important;}&#8221;][vc_column width=&#8221;5\/12&#8243;][vc_custom_heading text=&#8221;GESTION DES SERVICES, SECURITE, ARCHITECTURE, EXTERNALISATION&#8221; font_container=&#8221;tag:h4|text_align:left|color:%23000000&#8243; google_fonts=&#8221;font_family:Ubuntu%3A300%2C300italic%2Cregular%2Citalic%2C500%2C500italic%2C700%2C700italic|font_style:300%20light%20regular%3A300%3Anormal&#8221;][vc_column_text]EVERSYS dispose de ressources mixtes,techniques et fonctionnelles,couvrant les diff\u00e9rentes solutions offertes et l\u2019ensemble des m\u00e9tiers cibles.:<\/p>\n<ul>\n<li>Accompagnement aux certifications, ISO 27001 ISO 20000 et ISO 22301.<\/li>\n<li>Conseil en Gestion de risques SI et classification des actifs.<\/li>\n<li>Mise en place de Plan de reprise et continuit\u00e9 d\u2019activit\u00e9 et Plan de gestion de crise.<\/li>\n<li>Mise en place d\u2019un Syst\u00e8me de Management pour la Protection des Donn\u00e9es Personnelles conforme \u00e0 la loi 09-08.<\/li>\n<li>Mise en place de PMO et process de management de projets<\/li>\n<li>Maitrise d\u2019ouvrage pour le choix de solutions de gestion de projets et portefeuilles.<\/li>\n<li>AMOA pour les projet infrastructure et s\u00e9curit\u00e9<\/li>\n<\/ul>\n<p>[\/vc_column_text][\/vc_column][vc_column width=&#8221;1\/3&#8243; css=&#8221;.vc_custom_1692347564341{margin-top: 40px !important;}&#8221;][vc_single_image image=&#8221;8759&#8243; img_size=&#8221;large&#8221; alignment=&#8221;center&#8221; css=&#8221;.vc_custom_1696868339170{margin-top: 40px !important;border-top-width: 1px !important;border-right-width: 1px !important;border-bottom-width: 1px !important;border-left-width: 1px !important;border-left-color: #ff3200 !important;border-left-style: solid !important;border-right-color: #ff3200 !important;border-right-style: solid !important;border-top-color: #ff3200 !important;border-top-style: solid !important;border-bottom-color: #ff3200 !important;border-bottom-style: solid !important;border-radius: 1px !important;}&#8221;][\/vc_column][vc_column width=&#8221;1\/4&#8243;][vc_column_text]<\/p>\n<div class=\"wpb_text_column wpb_content_element \">\n<div class=\"wpb_wrapper\">\n<p>BROWS CATEGORIES<\/p>\n<\/div>\n<\/div>\n<div class=\"vc_wp_custommenu wpb_content_element\">\n<div class=\"widget widget_nav_menu\">\n<div class=\"menu-menu-vertical-container\"><\/div>\n<\/div>\n<\/div>\n<p>[\/vc_column_text][vc_wp_custommenu nav_menu=&#8221;111&#8243;][\/vc_column][\/vc_row]<\/p>\n<\/section>","protected":false},"excerpt":{"rendered":"<p>[vc_row full_width=&#8221;stretch_row&#8221; css=&#8221;.vc_custom_1697205663052{margin-top: -40px !important;margin-right: -80px !important;margin-left: -80px !important;}&#8221;][vc_column width=&#8221;5\/12&#8243;][vc_custom_heading text=&#8221;GESTION DES SERVICES, SECURITE, ARCHITECTURE, EXTERNALISATION&#8221; font_container=&#8221;tag:h4|text_align:left|color:%23000000&#8243; google_fonts=&#8221;font_family:Ubuntu%3A300%2C300italic%2Cregular%2Citalic%2C500%2C500italic%2C700%2C700italic|font_style:300%20light%20regular%3A300%3Anormal&#8221;][vc_column_text]EVERSYS dispose de ressources mixtes,techniques et fonctionnelles,couvrant les diff\u00e9rentes solutions offertes et l\u2019ensemble des m\u00e9tiers cibles.: Accompagnement aux certifications, ISO 27001 ISO 20000 et ISO 22301. Conseil en Gestion de risques SI et classification des actifs. Mise en<\/p>\n","protected":false},"author":1,"featured_media":8908,"parent":0,"menu_order":0,"comment_status":"closed","ping_status":"closed","template":"","meta":{"footnotes":""},"class_list":["post-8197","page","type-page","status-publish","has-post-thumbnail","hentry","stm_testimonials_category-services"],"aioseo_notices":[],"_links":{"self":[{"href":"https:\/\/eversys.ma\/index.php?rest_route=\/wp\/v2\/pages\/8197","targetHints":{"allow":["GET"]}}],"collection":[{"href":"https:\/\/eversys.ma\/index.php?rest_route=\/wp\/v2\/pages"}],"about":[{"href":"https:\/\/eversys.ma\/index.php?rest_route=\/wp\/v2\/types\/page"}],"author":[{"embeddable":true,"href":"https:\/\/eversys.ma\/index.php?rest_route=\/wp\/v2\/users\/1"}],"replies":[{"embeddable":true,"href":"https:\/\/eversys.ma\/index.php?rest_route=%2Fwp%2Fv2%2Fcomments&post=8197"}],"version-history":[{"count":31,"href":"https:\/\/eversys.ma\/index.php?rest_route=\/wp\/v2\/pages\/8197\/revisions"}],"predecessor-version":[{"id":9012,"href":"https:\/\/eversys.ma\/index.php?rest_route=\/wp\/v2\/pages\/8197\/revisions\/9012"}],"wp:featuredmedia":[{"embeddable":true,"href":"https:\/\/eversys.ma\/index.php?rest_route=\/wp\/v2\/media\/8908"}],"wp:attachment":[{"href":"https:\/\/eversys.ma\/index.php?rest_route=%2Fwp%2Fv2%2Fmedia&parent=8197"}],"curies":[{"name":"wp","href":"https:\/\/api.w.org\/{rel}","templated":true}]}}