{"id":8181,"date":"2023-08-17T12:53:18","date_gmt":"2023-08-17T10:53:18","guid":{"rendered":"https:\/\/eversys.ma\/wordpress?page_id=8181"},"modified":"2024-09-18T13:10:24","modified_gmt":"2024-09-18T11:10:24","slug":"rssi-externe","status":"publish","type":"page","link":"https:\/\/eversys.ma\/?page_id=8181","title":{"rendered":"RSSI et DPO externalis\u00e9"},"content":{"rendered":"<section class=\"wpb-content-wrapper\"><p>[vc_row full_width=&#8221;stretch_row&#8221; css=&#8221;.vc_custom_1697206307378{margin-top: -40px !important;margin-right: -80px !important;margin-left: -80px !important;}&#8221;][vc_column width=&#8221;2\/3&#8243;][vc_custom_heading text=&#8221;RSSI externe&#8221; font_container=&#8221;tag:h4|text_align:left|color:%23000000&#8243; google_fonts=&#8221;font_family:Ubuntu%3A300%2C300italic%2Cregular%2Citalic%2C500%2C500italic%2C700%2C700italic|font_style:300%20light%20regular%3A300%3Anormal&#8221;][vc_column_text]L\u2019offre\u00a0<strong>RSSI externe<\/strong>\u00a0a pour objectif d\u2019assurer la fonction de\u00a0RSSI\u00a0(Responsable de la S\u00e9curit\u00e9 des Syst\u00e8mes d\u2019Information) pour le compte d\u2019un client, \u00e0 temps partiel ou \u00e0 temps complet.<\/p>\n<p>Elle est pertinente pour les structures, dont la taille ne n\u00e9cessite pas une personne enti\u00e8rement d\u00e9di\u00e9e \u00e0 cette fonction.<\/p>\n<p>Elle est \u00e9galement utile en attendant le recrutement d\u2019un\u00a0RSSI.\u00a0On met \u00e0 disposition de son client l\u2019ensemble des\u00a0expertises\u00a0de ses \u00e9quipes (gouvernance, risques, technique, juridique).<\/p>\n<p>Cette\u00a0externalisation\u00a0optimise les co\u00fbts pour initier les\u00a0projets de cybers\u00e9curit\u00e9. Elle permet d\u2019int\u00e9grer rapidement un chef de projet comp\u00e9tent et exp\u00e9riment\u00e9, puis de\u00a0d\u00e9velopper une culture de la cybers\u00e9curit\u00e9.<\/p>\n<p>Selon l\u2019actualit\u00e9 des besoins et la disponibilit\u00e9 des ressources internes, les interventions peuvent \u00eatre liss\u00e9es dans le temps. Des travaux peuvent \u00eatre planifi\u00e9s en fonction des projets internes.<\/p>\n<p>Ce type de mission permet d\u2019\u00e9tablir un\u00a0socle de s\u00e9curit\u00e9\u00a0(indicateurs, processus, organisation\u2026), en attendant des moyens sup\u00e9rieurs. Des profils pour piloter la gouvernance de la s\u00e9curit\u00e9\u00a0sont fr\u00e9quemment sollicit\u00e9s, d\u2019autres plus techniques peuvent soutenir les \u00e9quipes pour le d\u00e9ploiement de mesures de s\u00e9curit\u00e9.<\/p>\n<p>L\u2019accompagnement de plusieurs jours par mois pour :<\/p>\n<ul>\n<li>d\u00e9finir la strat\u00e9gie cybers\u00e9curit\u00e9<\/li>\n<li>r\u00e9aliser\u00a0et suivre la\u00a0mise en \u0153uvre d\u2019un plan d\u2019action\u00a0\u00e0 3 ans \u00e0 partir des recommandations de l\u2019analyse de risques et des audits techniques<\/li>\n<li>mettre en place des comit\u00e9s\u00a0pour assurer le suivi et le pilotage de la s\u00e9curit\u00e9 des syst\u00e8mes d\u2019information<\/li>\n<li>accompagner les m\u00e9tiers\u00a0dans la mise en \u0153uvre de ce plan d\u2019action<br \/>\npiloter les prestations de s\u00e9curit\u00e9<\/li>\n<li>mettre en place des indicateurs et un tableau de bord\u00a0de s\u00e9curit\u00e9 pour suivre l\u2019application de la PSSI et piloter les risques<\/li>\n<li>Sensibiliser le personnel \u00a0aux risques de cybers\u00e9curit\u00e9<\/li>\n<li>organiser et participer aux activit\u00e9s\u00a0traitant de s\u00e9curit\u00e9 : veille de s\u00e9curit\u00e9, gestion des incidents, accompagnement SSI dans les projets, mise en \u0153uvre de la s\u00e9curit\u00e9 au quotidien.<\/li>\n<\/ul>\n<p>[\/vc_column_text][vc_custom_heading text=&#8221;DPO externalis\u00e9&#8221; font_container=&#8221;tag:h4|text_align:left|color:%23000000&#8243; google_fonts=&#8221;font_family:Ubuntu%3A300%2C300italic%2Cregular%2Citalic%2C500%2C500italic%2C700%2C700italic|font_style:300%20light%20regular%3A300%3Anormal&#8221;][vc_column_text]Le D\u00e9l\u00e9gu\u00e9 \u00e0 la Protection des Donn\u00e9es ou DPO est la personne, qui pour un organisme, est en charge d\u2019assurer le pilotage de la conformit\u00e9 RGPD. L\u2019externalisation de cette fonction vous permet de gagner du temps en vous laissant vous concentrer efficacement sur votre m\u00e9tier.<\/p>\n<p>Pour assurer ces missions, on dispose \u00e0 la fois de comp\u00e9tences juridiques en protection des donn\u00e9es personnelles, de comp\u00e9tences techniques en mati\u00e8re de s\u00e9curit\u00e9 des donn\u00e9es et de comp\u00e9tences pour la gouvernance de la s\u00e9curit\u00e9[\/vc_column_text][\/vc_column][vc_column width=&#8221;1\/3&#8243;][vc_column_text]<\/p>\n<div class=\"wpb_text_column wpb_content_element \">\n<div class=\"wpb_wrapper\">\n<p>BROWS CATEGORIES<\/p>\n<\/div>\n<\/div>\n<div class=\"vc_wp_custommenu wpb_content_element\">\n<div class=\"widget widget_nav_menu\">\n<div class=\"menu-menu-vertical-container\"><\/div>\n<\/div>\n<\/div>\n<p>[\/vc_column_text][vc_wp_custommenu nav_menu=&#8221;111&#8243;][\/vc_column][\/vc_row]<\/p>\n<\/section>","protected":false},"excerpt":{"rendered":"<p>[vc_row full_width=&#8221;stretch_row&#8221; css=&#8221;.vc_custom_1697206307378{margin-top: -40px !important;margin-right: -80px !important;margin-left: -80px !important;}&#8221;][vc_column width=&#8221;2\/3&#8243;][vc_custom_heading text=&#8221;RSSI externe&#8221; font_container=&#8221;tag:h4|text_align:left|color:%23000000&#8243; google_fonts=&#8221;font_family:Ubuntu%3A300%2C300italic%2Cregular%2Citalic%2C500%2C500italic%2C700%2C700italic|font_style:300%20light%20regular%3A300%3Anormal&#8221;][vc_column_text]L\u2019offre\u00a0RSSI externe\u00a0a pour objectif d\u2019assurer la fonction de\u00a0RSSI\u00a0(Responsable de la S\u00e9curit\u00e9 des Syst\u00e8mes d\u2019Information) pour le compte d\u2019un client, \u00e0 temps partiel ou \u00e0 temps complet. Elle est pertinente pour les structures, dont la taille ne n\u00e9cessite pas une personne enti\u00e8rement d\u00e9di\u00e9e<\/p>\n","protected":false},"author":1,"featured_media":8902,"parent":0,"menu_order":0,"comment_status":"closed","ping_status":"closed","template":"","meta":{"footnotes":""},"class_list":["post-8181","page","type-page","status-publish","has-post-thumbnail","hentry","stm_testimonials_category-services"],"aioseo_notices":[],"_links":{"self":[{"href":"https:\/\/eversys.ma\/index.php?rest_route=\/wp\/v2\/pages\/8181","targetHints":{"allow":["GET"]}}],"collection":[{"href":"https:\/\/eversys.ma\/index.php?rest_route=\/wp\/v2\/pages"}],"about":[{"href":"https:\/\/eversys.ma\/index.php?rest_route=\/wp\/v2\/types\/page"}],"author":[{"embeddable":true,"href":"https:\/\/eversys.ma\/index.php?rest_route=\/wp\/v2\/users\/1"}],"replies":[{"embeddable":true,"href":"https:\/\/eversys.ma\/index.php?rest_route=%2Fwp%2Fv2%2Fcomments&post=8181"}],"version-history":[{"count":21,"href":"https:\/\/eversys.ma\/index.php?rest_route=\/wp\/v2\/pages\/8181\/revisions"}],"predecessor-version":[{"id":8772,"href":"https:\/\/eversys.ma\/index.php?rest_route=\/wp\/v2\/pages\/8181\/revisions\/8772"}],"wp:featuredmedia":[{"embeddable":true,"href":"https:\/\/eversys.ma\/index.php?rest_route=\/wp\/v2\/media\/8902"}],"wp:attachment":[{"href":"https:\/\/eversys.ma\/index.php?rest_route=%2Fwp%2Fv2%2Fmedia&parent=8181"}],"curies":[{"name":"wp","href":"https:\/\/api.w.org\/{rel}","templated":true}]}}