{"id":3802,"date":"2023-10-18T07:37:33","date_gmt":"2023-10-18T05:37:33","guid":{"rendered":"http:\/\/consulting.stylemixthemes.com\/?page_id=9"},"modified":"2024-09-18T12:55:32","modified_gmt":"2024-09-18T10:55:32","slug":"company-overview-2","status":"publish","type":"page","link":"https:\/\/eversys.ma\/?page_id=3802","title":{"rendered":"A propos"},"content":{"rendered":"<section class=\"wpb-content-wrapper\"><p>[vc_row full_width=&#8221;stretch_row&#8221; css=&#8221;.vc_custom_1692701931112{margin-right: -80px !important;margin-left: -80px !important;}&#8221;][vc_column width=&#8221;1\/2&#8243; offset=&#8221;vc_col-lg-9 vc_col-md-9&#8243;][vc_column_text]Eversys a \u00e9t\u00e9 cr\u00e9\u00e9 en 2004 avec offres orient\u00e9es expertise et savoir-faire en offrant la m\u00e9thodologie, la connaissance m\u00e9tier et enfin, des \u00e9quipes projets performants. Aussi, les exp\u00e9riences construites \u00e0 travers notre politique de recherche et \u00e0 travers des projets strat\u00e9giques de nos clients, nous rendent l\u00e9gitimes dans notre qu\u00eate de changement de la fonction informatique.[\/vc_column_text][vc_column_text css=&#8221;.vc_custom_1690996837747{margin-bottom: 34px !important;}&#8221;]<\/p>\n<blockquote><p>Eversys a \u00e9t\u00e9 cr\u00e9\u00e9 en 2004 avec offres orient\u00e9es expertise et savoir-faire en offrant la m\u00e9thodologie, la connaissance m\u00e9tier.<\/p><\/blockquote>\n<p>[\/vc_column_text][\/vc_column][vc_column width=&#8221;1\/2&#8243;][\/vc_column][\/vc_row][vc_row full_width=&#8221;stretch_row&#8221; css=&#8221;.vc_custom_1692701914508{margin-right: -80px !important;margin-bottom: 90px !important;margin-left: -80px !important;}&#8221;][vc_column width=&#8221;1\/4&#8243; offset=&#8221;vc_col-lg-6 vc_col-md-12&#8243;][vc_custom_heading text=&#8221;Notre vision&#8221; font_container=&#8221;tag:h4|text_align:left|color:%23222222&#8243; use_theme_fonts=&#8221;yes&#8221; css=&#8221;.vc_custom_1684405655960{margin-bottom: 15px !important;}&#8221; el_class=&#8221;no_stripe&#8221;][vc_column_text]Notre vision des pratiques de garantie des r\u00e9sultats \u00e0 haute impact sur les entreprises \u00e0 chaque fois que vous vous associez \u00e0 nous<\/p>\n<ul>\n<li>Nous croyons que les meilleures solutions viennent de relations de collaboration avec nos clients.<\/li>\n<li>Nous travaillons en \u00e9troite collaboration avec votre organisation dans le paysage de transformation et de cycle de vie pour comprendre vos objectifs d\u2019affaires<\/li>\n<li>concevoir la strat\u00e9gie la plus efficace et mettre en \u0153uvre les meilleures solutions.<\/li>\n<\/ul>\n<p>[\/vc_column_text][\/vc_column][vc_column width=&#8221;1\/4&#8243; offset=&#8221;vc_col-lg-2 vc_col-md-4 vc_col-xs-12&#8243;][stm_spacing lg_spacing=&#8221;100px&#8221;][vc_pie value=&#8221;100&#8243; label_value=&#8221;100&#8243; color=&#8221;custom&#8221; title=&#8221;Satisfation Client&#8221; units=&#8221;%&#8221; custom_color=&#8221;#fde428&#8243;][\/vc_column][vc_column width=&#8221;1\/4&#8243; offset=&#8221;vc_col-lg-2 vc_col-md-4 vc_col-xs-12&#8243;][stm_spacing lg_spacing=&#8221;100px&#8221;][vc_pie value=&#8221;100&#8243; label_value=&#8221;100&#8243; color=&#8221;custom&#8221; units=&#8221;%&#8221; title=&#8221;De collaboration&#8221; custom_color=&#8221;#fde428&#8243;][\/vc_column][vc_column width=&#8221;1\/4&#8243; offset=&#8221;vc_col-lg-2 vc_col-md-4 vc_col-xs-12&#8243;][stm_spacing lg_spacing=&#8221;100px&#8221;][vc_pie value=&#8221;100&#8243; label_value=&#8221;100&#8243; color=&#8221;custom&#8221; units=&#8221;%&#8221; title=&#8221;D&#8217;efficacit\u00e9&#8221; custom_color=&#8221;#fde428&#8243;][\/vc_column][\/vc_row]<\/p>\n<\/section>","protected":false},"excerpt":{"rendered":"<p>[vc_row full_width=&#8221;stretch_row&#8221; css=&#8221;.vc_custom_1692701931112{margin-right: -80px !important;margin-left: -80px !important;}&#8221;][vc_column width=&#8221;1\/2&#8243; offset=&#8221;vc_col-lg-9 vc_col-md-9&#8243;][vc_column_text]Eversys a \u00e9t\u00e9 cr\u00e9\u00e9 en 2004 avec offres orient\u00e9es expertise et savoir-faire en offrant la m\u00e9thodologie, la connaissance m\u00e9tier et enfin, des \u00e9quipes projets performants. Aussi, les exp\u00e9riences construites \u00e0 travers notre politique de recherche et \u00e0 travers des projets strat\u00e9giques de nos clients, nous rendent<\/p>\n","protected":false},"author":1,"featured_media":7619,"parent":0,"menu_order":0,"comment_status":"closed","ping_status":"closed","template":"","meta":{"footnotes":""},"class_list":["post-3802","page","type-page","status-publish","has-post-thumbnail","hentry","stm_testimonials_category-societe"],"aioseo_notices":[],"_links":{"self":[{"href":"https:\/\/eversys.ma\/index.php?rest_route=\/wp\/v2\/pages\/3802","targetHints":{"allow":["GET"]}}],"collection":[{"href":"https:\/\/eversys.ma\/index.php?rest_route=\/wp\/v2\/pages"}],"about":[{"href":"https:\/\/eversys.ma\/index.php?rest_route=\/wp\/v2\/types\/page"}],"author":[{"embeddable":true,"href":"https:\/\/eversys.ma\/index.php?rest_route=\/wp\/v2\/users\/1"}],"replies":[{"embeddable":true,"href":"https:\/\/eversys.ma\/index.php?rest_route=%2Fwp%2Fv2%2Fcomments&post=3802"}],"version-history":[{"count":68,"href":"https:\/\/eversys.ma\/index.php?rest_route=\/wp\/v2\/pages\/3802\/revisions"}],"predecessor-version":[{"id":8706,"href":"https:\/\/eversys.ma\/index.php?rest_route=\/wp\/v2\/pages\/3802\/revisions\/8706"}],"wp:featuredmedia":[{"embeddable":true,"href":"https:\/\/eversys.ma\/index.php?rest_route=\/wp\/v2\/media\/7619"}],"wp:attachment":[{"href":"https:\/\/eversys.ma\/index.php?rest_route=%2Fwp%2Fv2%2Fmedia&parent=3802"}],"curies":[{"name":"wp","href":"https:\/\/api.w.org\/{rel}","templated":true}]}}