{"id":344,"date":"2016-01-06T11:31:27","date_gmt":"2016-01-06T10:31:27","guid":{"rendered":"http:\/\/consulting.stylemixthemes.com\/?page_id=344"},"modified":"2024-09-18T12:59:20","modified_gmt":"2024-09-18T10:59:20","slug":"our-approach-2","status":"publish","type":"page","link":"https:\/\/eversys.ma\/?page_id=344","title":{"rendered":"Nos Valeurs"},"content":{"rendered":"<section class=\"wpb-content-wrapper\"><p>[vc_row full_width=&#8221;stretch_row&#8221; css=&#8221;.vc_custom_1692702057053{margin-right: -80px !important;margin-left: -80px !important;}&#8221;][vc_column width=&#8221;1\/3&#8243;][stm_icon_box hide_title_line=&#8221;hide_title_line&#8221; enable_hexagon=&#8221;enable&#8221; enable_hexagon_animation=&#8221;enable&#8221; icon=&#8221;stm-nokia&#8221; style=&#8221;icon_left&#8221; icon_size=&#8221;22&#8243; icon_width=&#8221;78&#8243; title=&#8221;Engagement&#8221;]<span style=\"color: #000000;\">Nous respectons nos valeurs et assumons nos engagements aupr\u00e8s de nos clients.<\/span> <span style=\"color: #000000;\">Cela se traduit par:<\/span> <span style=\"color: #000000;\">Une \u00e9coute de nos clients,<\/span> <span style=\"color: #000000;\">Par la compr\u00e9hension de leurs besoins<\/span> <span style=\"color: #000000;\">Pour pouvoir leurs proposer les meilleures solutions.<\/span>[\/stm_icon_box][\/vc_column][vc_column width=&#8221;1\/3&#8243;][stm_icon_box hide_title_line=&#8221;hide_title_line&#8221; enable_hexagon=&#8221;enable&#8221; enable_hexagon_animation=&#8221;enable&#8221; icon=&#8221;stm-libra&#8221; style=&#8221;icon_left&#8221; icon_size=&#8221;22&#8243; icon_width=&#8221;78&#8243; title=&#8221;Ethique&#8221;]<span style=\"color: #000000;\">L\u2019\u00e9thique constitue le principe fondamental de \u00e0 notre mode de fonctionnement.<\/span><br \/>\n<span style=\"color: #000000;\">Nous veillons \u00e0 ce que nos activit\u00e9s sont entreprises en observant un code \u00e9thique qui garantit confidentialit\u00e9, int\u00e9grit\u00e9 et transparence.<\/span>[\/stm_icon_box][\/vc_column][vc_column width=&#8221;1\/3&#8243;][stm_icon_box hide_title_line=&#8221;hide_title_line&#8221; enable_hexagon=&#8221;enable&#8221; enable_hexagon_animation=&#8221;enable&#8221; icon=&#8221;stm-glob-workers&#8221; style=&#8221;icon_left&#8221; icon_size=&#8221;21&#8243; icon_width=&#8221;78&#8243; title=&#8221;Esprit d&#8217;\u00e9quipe&#8221;]<span style=\"color: #000000;\">Le travail d\u2019\u00e9quipe est \u00e0 la base de l\u2019\u00e9volution de l\u2019entreprise.<\/span><br \/>\n<span style=\"color: #000000;\">Appuyer ,encourager ,responsabiliser ,sont les mots cl\u00e9s du management.<\/span>[\/stm_icon_box][\/vc_column][\/vc_row]<\/p>\n<\/section>","protected":false},"excerpt":{"rendered":"<p>[vc_row full_width=&#8221;stretch_row&#8221; css=&#8221;.vc_custom_1692702057053{margin-right: -80px !important;margin-left: -80px !important;}&#8221;][vc_column width=&#8221;1\/3&#8243;][stm_icon_box hide_title_line=&#8221;hide_title_line&#8221; enable_hexagon=&#8221;enable&#8221; enable_hexagon_animation=&#8221;enable&#8221; icon=&#8221;stm-nokia&#8221; style=&#8221;icon_left&#8221; icon_size=&#8221;22&#8243; icon_width=&#8221;78&#8243; title=&#8221;Engagement&#8221;]Nous respectons nos valeurs et assumons nos engagements aupr\u00e8s de nos clients. Cela se traduit par: Une \u00e9coute de nos clients, Par la compr\u00e9hension de leurs besoins Pour pouvoir leurs proposer les meilleures solutions.[\/stm_icon_box][\/vc_column][vc_column width=&#8221;1\/3&#8243;][stm_icon_box hide_title_line=&#8221;hide_title_line&#8221; enable_hexagon=&#8221;enable&#8221; enable_hexagon_animation=&#8221;enable&#8221; icon=&#8221;stm-libra&#8221; style=&#8221;icon_left&#8221;<\/p>\n","protected":false},"author":1,"featured_media":8584,"parent":0,"menu_order":0,"comment_status":"closed","ping_status":"closed","template":"","meta":{"footnotes":""},"class_list":["post-344","page","type-page","status-publish","has-post-thumbnail","hentry","stm_testimonials_category-societe"],"aioseo_notices":[],"_links":{"self":[{"href":"https:\/\/eversys.ma\/index.php?rest_route=\/wp\/v2\/pages\/344","targetHints":{"allow":["GET"]}}],"collection":[{"href":"https:\/\/eversys.ma\/index.php?rest_route=\/wp\/v2\/pages"}],"about":[{"href":"https:\/\/eversys.ma\/index.php?rest_route=\/wp\/v2\/types\/page"}],"author":[{"embeddable":true,"href":"https:\/\/eversys.ma\/index.php?rest_route=\/wp\/v2\/users\/1"}],"replies":[{"embeddable":true,"href":"https:\/\/eversys.ma\/index.php?rest_route=%2Fwp%2Fv2%2Fcomments&post=344"}],"version-history":[{"count":49,"href":"https:\/\/eversys.ma\/index.php?rest_route=\/wp\/v2\/pages\/344\/revisions"}],"predecessor-version":[{"id":8707,"href":"https:\/\/eversys.ma\/index.php?rest_route=\/wp\/v2\/pages\/344\/revisions\/8707"}],"wp:featuredmedia":[{"embeddable":true,"href":"https:\/\/eversys.ma\/index.php?rest_route=\/wp\/v2\/media\/8584"}],"wp:attachment":[{"href":"https:\/\/eversys.ma\/index.php?rest_route=%2Fwp%2Fv2%2Fmedia&parent=344"}],"curies":[{"name":"wp","href":"https:\/\/api.w.org\/{rel}","templated":true}]}}