{"id":1071,"date":"2015-12-14T07:14:55","date_gmt":"2015-12-14T07:14:55","guid":{"rendered":"http:\/\/consulting.stylemixthemes.com\/?page_id=2"},"modified":"2023-10-18T17:29:07","modified_gmt":"2023-10-18T15:29:07","slug":"sample-page-2-2","status":"publish","type":"page","link":"https:\/\/eversys.ma\/","title":{"rendered":"Accueil"},"content":{"rendered":"<section class=\"wpb-content-wrapper\"><p>[vc_row][vc_column][rev_slider_vc alias=&#8221;main_slider&#8221;][\/vc_column][\/vc_row][vc_row full_width=&#8221;stretch_row&#8221; css=&#8221;.vc_custom_1692706140676{margin-right: -80px !important;margin-left: -80px !important;background-color: #f5f5f5 !important;}&#8221;][vc_column][stm_spacing][vc_custom_heading icon_pos=&#8221;bottom&#8221; text=&#8221;D\u00c9COUVREZ CERTAINS CHOIX DE SERVICES&#8221; font_container=&#8221;tag:h3|text_align:center|color:%23000000&#8243; use_theme_fonts=&#8221;yes&#8221; css=&#8221;.vc_custom_1694642502977{margin-top: 60px !important;padding-right: 100px !important;padding-left: 100px !important;background-color: #f5f5f5 !important;}&#8221;][\/vc_column][\/vc_row][vc_row full_width=&#8221;stretch_row&#8221; gap=&#8221;20&#8243; content_placement=&#8221;middle&#8221; css=&#8221;.vc_custom_1692706181927{margin-right: -80px !important;margin-left: -80px !important;background-color: #f5f5f5 !important;}&#8221;][vc_column width=&#8221;1\/2&#8243;][stm_spacing lg_spacing=&#8221;30&#8243; md_spacing=&#8221;30&#8243; sm_spacing=&#8221;30&#8243; xs_spacing=&#8221;20&#8243;][stm_animation_block animation=&#8221;fadeIn&#8221; animation_duration=&#8221;0.5&#8243; animation_delay=&#8221;0&#8243;][stm_services posts_per_page=&#8221;4&#8243; posts_per_row=&#8221;2&#8243; category=&#8221;services&#8221; service_image=&#8221;yes&#8221; service_more=&#8221;yes&#8221; title_color=&#8221;#000000&#8243; excerpt_color=&#8221;#878787&#8243; css=&#8221;.vc_custom_1694676155435{padding-top: 1px !important;padding-right: 1px !important;padding-bottom: 1px !important;padding-left: 1px !important;border-radius: 1px !important;}&#8221;][\/stm_animation_block][stm_spacing lg_spacing=&#8221;43&#8243; md_spacing=&#8221;43&#8243; sm_spacing=&#8221;8&#8243; xs_spacing=&#8221;3&#8243;][\/vc_column][vc_column width=&#8221;1\/2&#8243;][stm_spacing lg_spacing=&#8221;30&#8243; md_spacing=&#8221;30&#8243; sm_spacing=&#8221;30&#8243; xs_spacing=&#8221;20&#8243;][vc_single_image image=&#8221;8748&#8243; img_size=&#8221;large&#8221; alignment=&#8221;center&#8221; css=&#8221;.vc_custom_1696791310609{border-top-width: 1px !important;border-right-width: 1px !important;border-bottom-width: 1px !important;border-left-width: 1px !important;padding-top: 1px !important;padding-right: 1px !important;padding-bottom: 1px !important;padding-left: 1px !important;border-left-color: #000000 !important;border-left-style: solid !important;border-right-color: #000000 !important;border-right-style: solid !important;border-top-color: #000000 !important;border-top-style: solid !important;border-bottom-color: #000000 !important;border-bottom-style: solid !important;border-radius: 1px !important;}&#8221;][\/vc_column][\/vc_row][vc_row full_width=&#8221;stretch_row&#8221; el_class=&#8221;overlay_4 fixed_bg&#8221; css=&#8221;.vc_custom_1697642940694{margin-bottom: 33px !important;padding-top: 47px !important;padding-bottom: 60px !important;background-image: url(https:\/\/eversys.ma\/wp-content\/uploads\/2023\/08\/executive-presenting-strategy-work_329181-12351.webp?id=8584) !important;}&#8221;][vc_column][vc_custom_heading text=&#8221;Pourquoi choisir EVERSYS&#8221; font_container=&#8221;tag:h2|text_align:center|color:%23ffffff&#8221; use_theme_fonts=&#8221;yes&#8221; css=&#8221;.vc_custom_1691078538294{margin-bottom: 40px !important;}&#8221;][vc_row_inner][vc_column_inner width=&#8221;1\/3&#8243;][stm_info_box align_center=&#8221;yes&#8221; style=&#8221;style_2&#8243; title=&#8221;Notre Vision&#8221; css=&#8221;.vc_custom_1694771596403{padding-top: 10px !important;padding-right: 20px !important;padding-bottom: 36px !important;padding-left: 20px !important;background-color: rgba(0,0,0,0.23) !important;*background-color: rgb(0,0,0) !important;}&#8221;]<span style=\"font-size: 15px; line-height: 18px; color: #ffffff;\">Notre vision des pratiques de garantie des r\u00e9sultats \u00e0 haute impact sur les entreprises \u00e0 chaque fois que vous vous associez \u00e0 nous<\/span>[\/stm_info_box][\/vc_column_inner][vc_column_inner width=&#8221;1\/3&#8243;][stm_info_box align_center=&#8221;yes&#8221; style=&#8221;style_2&#8243; title=&#8221;Engagement&#8221; css=&#8221;.vc_custom_1694771610586{padding-top: 10px !important;padding-right: 20px !important;padding-bottom: 36px !important;padding-left: 20px !important;background-color: rgba(0,0,0,0.23) !important;*background-color: rgb(0,0,0) !important;}&#8221;]<span style=\"font-size: 15px; line-height: 18px; color: #ffffff;\">Nous respectons nos valeurs et assumons nos engagements aupr\u00e8s de nos clients.<\/span>[\/stm_info_box][\/vc_column_inner][vc_column_inner width=&#8221;1\/3&#8243;][stm_info_box align_center=&#8221;yes&#8221; style=&#8221;style_2&#8243; title=&#8221;Esprit d&#8217;\u00e9quipe&#8221; css=&#8221;.vc_custom_1694771628836{padding-top: 10px !important;padding-right: 20px !important;padding-bottom: 36px !important;padding-left: 20px !important;background-color: rgba(0,0,0,0.23) !important;*background-color: rgb(0,0,0) !important;}&#8221;]<span style=\"font-size: 15px; line-height: 18px; color: #ffffff;\">Le travail d\u2019\u00e9quipe est \u00e0 la base de l\u2019\u00e9volution de l\u2019entreprise.<\/span>[\/stm_info_box][\/vc_column_inner][\/vc_row_inner][\/vc_column][\/vc_row][vc_row disable_element=&#8221;yes&#8221;][vc_column][vc_custom_heading icon_pos=&#8221;bottom&#8221; text=&#8221;NEWS &amp; ANNOUNCEMENTS&#8221; google_fonts=&#8221;font_family:Ubuntu%3A300%2C300italic%2Cregular%2Citalic%2C500%2C500italic%2C700%2C700italic|font_style:400%20regular%3A400%3Anormal&#8221;][\/vc_column][\/vc_row][vc_row disable_element=&#8221;yes&#8221;][vc_column width=&#8221;1\/2&#8243;][stm_events events_filter=&#8221;all&#8221; category=&#8221;test&#8221; posts_per_page=&#8221;1&#8243; posts_per_row=&#8221;1&#8243; img_size=&#8221;full&#8221; pagination_enable=&#8221;true&#8221;][\/vc_column][vc_column width=&#8221;1\/2&#8243;][\/vc_column][\/vc_row]<\/p>\n<\/section>","protected":false},"excerpt":{"rendered":"<p>[vc_row][vc_column][rev_slider_vc alias=&#8221;main_slider&#8221;][\/vc_column][\/vc_row][vc_row full_width=&#8221;stretch_row&#8221; css=&#8221;.vc_custom_1692706140676{margin-right: -80px !important;margin-left: -80px !important;background-color: #f5f5f5 !important;}&#8221;][vc_column][stm_spacing][vc_custom_heading icon_pos=&#8221;bottom&#8221; text=&#8221;D\u00c9COUVREZ CERTAINS CHOIX DE SERVICES&#8221; font_container=&#8221;tag:h3|text_align:center|color:%23000000&#8243; use_theme_fonts=&#8221;yes&#8221; css=&#8221;.vc_custom_1694642502977{margin-top: 60px !important;padding-right: 100px !important;padding-left: 100px !important;background-color: #f5f5f5 !important;}&#8221;][\/vc_column][\/vc_row][vc_row full_width=&#8221;stretch_row&#8221; gap=&#8221;20&#8243; content_placement=&#8221;middle&#8221; css=&#8221;.vc_custom_1692706181927{margin-right: -80px !important;margin-left: -80px !important;background-color: #f5f5f5 !important;}&#8221;][vc_column width=&#8221;1\/2&#8243;][stm_spacing lg_spacing=&#8221;30&#8243; md_spacing=&#8221;30&#8243; sm_spacing=&#8221;30&#8243; xs_spacing=&#8221;20&#8243;][stm_animation_block animation=&#8221;fadeIn&#8221; animation_duration=&#8221;0.5&#8243; animation_delay=&#8221;0&#8243;][stm_services posts_per_page=&#8221;4&#8243; posts_per_row=&#8221;2&#8243; category=&#8221;services&#8221; service_image=&#8221;yes&#8221; service_more=&#8221;yes&#8221; title_color=&#8221;#000000&#8243; excerpt_color=&#8221;#878787&#8243; css=&#8221;.vc_custom_1694676155435{padding-top: 1px !important;padding-right:<\/p>\n","protected":false},"author":1,"featured_media":0,"parent":0,"menu_order":0,"comment_status":"closed","ping_status":"closed","template":"","meta":{"footnotes":""},"class_list":["post-1071","page","type-page","status-publish","hentry"],"aioseo_notices":[],"_links":{"self":[{"href":"https:\/\/eversys.ma\/index.php?rest_route=\/wp\/v2\/pages\/1071","targetHints":{"allow":["GET"]}}],"collection":[{"href":"https:\/\/eversys.ma\/index.php?rest_route=\/wp\/v2\/pages"}],"about":[{"href":"https:\/\/eversys.ma\/index.php?rest_route=\/wp\/v2\/types\/page"}],"author":[{"embeddable":true,"href":"https:\/\/eversys.ma\/index.php?rest_route=\/wp\/v2\/users\/1"}],"replies":[{"embeddable":true,"href":"https:\/\/eversys.ma\/index.php?rest_route=%2Fwp%2Fv2%2Fcomments&post=1071"}],"version-history":[{"count":273,"href":"https:\/\/eversys.ma\/index.php?rest_route=\/wp\/v2\/pages\/1071\/revisions"}],"predecessor-version":[{"id":8846,"href":"https:\/\/eversys.ma\/index.php?rest_route=\/wp\/v2\/pages\/1071\/revisions\/8846"}],"wp:attachment":[{"href":"https:\/\/eversys.ma\/index.php?rest_route=%2Fwp%2Fv2%2Fmedia&parent=1071"}],"curies":[{"name":"wp","href":"https:\/\/api.w.org\/{rel}","templated":true}]}}